{"id":799,"date":"2020-12-16T06:03:24","date_gmt":"2020-12-16T05:03:24","guid":{"rendered":"https:\/\/pimpuptm.com\/?page_id=799"},"modified":"2021-02-12T12:00:56","modified_gmt":"2021-02-12T11:00:56","slug":"designer","status":"publish","type":"page","link":"https:\/\/pimpuptm.com\/en\/designer\/","title":{"rendered":"Designer"},"content":{"rendered":"<p>[et_pb_section fb_built=\u00a0\u00bb1&Prime; _builder_version=\u00a0\u00bb4.7.4&Prime; _module_preset=\u00a0\u00bbdefault\u00a0\u00bb background_enable_color=\u00a0\u00bboff\u00a0\u00bb background_enable_image=\u00a0\u00bboff\u00a0\u00bb background_size=\u00a0\u00bbinitial\u00a0\u00bb background_position=\u00a0\u00bbtop_center\u00a0\u00bb background_repeat=\u00a0\u00bbrepeat\u00a0\u00bb custom_padding=\u00a0\u00bb0px||92px||false|false\u00a0\u00bb saved_tabs=\u00a0\u00bball\u00a0\u00bb][et_pb_row module_class=\u00a0\u00bbnocolumns\u00a0\u00bb _builder_version=\u00a0\u00bb4.7.4&Prime; _module_preset=\u00a0\u00bbdefault\u00a0\u00bb][et_pb_column type=\u00a0\u00bb4_4&Prime; _builder_version=\u00a0\u00bb4.7.0&Prime; _module_preset=\u00a0\u00bbdefault\u00a0\u00bb][et_pb_text _builder_version=\u00a0\u00bb4.7.6&Prime; _module_preset=\u00a0\u00bbdefault\u00a0\u00bb text_font=\u00a0\u00bb|||on|||||\u00a0\u00bb header_text_align=\u00a0\u00bbcenter\u00a0\u00bb header_2_text_align=\u00a0\u00bbcenter\u00a0\u00bb header_3_text_align=\u00a0\u00bbcenter\u00a0\u00bb header_4_text_align=\u00a0\u00bbcenter\u00a0\u00bb text_orientation=\u00a0\u00bbcenter\u00a0\u00bb custom_padding=\u00a0\u00bb46px|||||\u00a0\u00bb]<\/p>\n<h1>CANDICE MAURY<\/h1>\n<p>Cr\u00e9atrice de mode[\/et_pb_text][\/et_pb_column][\/et_pb_row][et_pb_row _builder_version=\u00a0\u00bb4.7.6&Prime; _module_preset=\u00a0\u00bbdefault\u00a0\u00bb][et_pb_column type=\u00a0\u00bb4_4&Prime; _builder_version=\u00a0\u00bb4.7.6&Prime; _module_preset=\u00a0\u00bbdefault\u00a0\u00bb][et_pb_image src=\u00a0\u00bbhttps:\/\/pimpuptm.com\/wp-content\/uploads\/candy-maury.jpg\u00a0\u00bb title_text=\u00a0\u00bbCandy Maury Designer\u00a0\u00bb align=\u00a0\u00bbcenter\u00a0\u00bb _builder_version=\u00a0\u00bb4.7.6&Prime; _module_preset=\u00a0\u00bbdefault\u00a0\u00bb max_width=\u00a0\u00bb700px\u00a0\u00bb][\/et_pb_image][\/et_pb_column][\/et_pb_row][et_pb_row _builder_version=\u00a0\u00bb4.7.6&Prime; _module_preset=\u00a0\u00bbdefault\u00a0\u00bb][et_pb_column type=\u00a0\u00bb4_4&Prime; _builder_version=\u00a0\u00bb4.7.6&Prime; _module_preset=\u00a0\u00bbdefault\u00a0\u00bb][et_pb_cta button_url=\u00a0\u00bb@ET-DC@eyJkeW5hbWljIjp0cnVlLCJjb250ZW50IjoicG9zdF9saW5rX3VybF9wYWdlIiwic2V0dGluZ3MiOnsicG9zdF9pZCI6IjM3NSJ9fQ==@\u00a0\u00bb _builder_version=\u00a0\u00bb4.7.6&Prime; _dynamic_attributes=\u00a0\u00bblink_option_url,button_url\u00a0\u00bb _module_preset=\u00a0\u00bbdefault\u00a0\u00bb header_text_color=\u00a0\u00bb#000000&Prime; body_text_color=\u00a0\u00bb#000000&Prime; use_background_color=\u00a0\u00bboff\u00a0\u00bb custom_margin=\u00a0\u00bb46px||||false|false\u00a0\u00bb link_option_url=\u00a0\u00bb@ET-DC@eyJkeW5hbWljIjp0cnVlLCJjb250ZW50IjoicG9zdF9saW5rX3VybF9wYWdlIiwic2V0dGluZ3MiOnsicG9zdF9pZCI6IjM3NSJ9fQ==@\u00a0\u00bb]<\/p>\n<p>&nbsp;<\/p>\n<p>Styliste, mannequin, blogueuse, audacieuse, libre, \u00e9l\u00e9gante\u2026 Candice est une femme singuli\u00e8re et multiple \u00e0 la fois.<\/p>\n<p>Cr\u00e9atrice et inventive, c\u2019est lors d\u2019une s\u00e9ance shopping \u00abcuissardes \u00bb o\u00f9 elle ne trouve pas chaussures \u00e0 son pied, qu\u2019elle imagine l\u2019accessoire de mode qui manquait \u00e0 la garde-robe : Les Pimp Up<span style=\"font-weight: 400;\">\u2122<\/span>. Avoir le style assum\u00e9 et l\u2019\u00e9l\u00e9gance incarn\u00e9e, tout en \u00e9tant chauss\u00e9e de n\u2019importe quel soulier : talons hauts, sneakers, bottines, talon plat ?!? C\u2019est d\u00e9sormais en votre pouvoir !<\/p>\n<p>R\u00e9v\u00e9lez-vous en PIMP UP<span style=\"font-weight: 400;\">\u2122<\/span>.\u00a0<\/p>\n<p>&nbsp;<\/p>\n<p>[\/et_pb_cta][\/et_pb_column][\/et_pb_row][et_pb_row _builder_version=\u00a0\u00bb4.7.6&Prime; _module_preset=\u00a0\u00bbdefault\u00a0\u00bb][et_pb_column type=\u00a0\u00bb4_4&Prime; _builder_version=\u00a0\u00bb4.7.6&Prime; _module_preset=\u00a0\u00bbdefault\u00a0\u00bb][et_pb_cta title=\u00a0\u00bbPIMP UP\u2122: une marque \u00e9thique et durable\u00a0\u00bb button_url=\u00a0\u00bbhttps:\/\/tryngo-services.com\/mypimpup\/la-marque\u00a0\u00bb url_new_window=\u00a0\u00bbon\u00a0\u00bb _builder_version=\u00a0\u00bb4.7.7&Prime; _dynamic_attributes=\u00a0\u00bblink_option_url\u00a0\u00bb _module_preset=\u00a0\u00bbdefault\u00a0\u00bb header_text_color=\u00a0\u00bb#000000&Prime; body_text_color=\u00a0\u00bb#000000&Prime; use_background_color=\u00a0\u00bboff\u00a0\u00bb link_option_url=\u00a0\u00bb@ET-DC@eyJkeW5hbWljIjp0cnVlLCJjb250ZW50IjoicG9zdF9saW5rX3VybF9wYWdlIiwic2V0dGluZ3MiOnsicG9zdF9pZCI6IjI5MSJ9fQ==@\u00a0\u00bb]<\/p>\n<p>&nbsp;<\/p>\n<p>Innovante, confortable, engag\u00e9e\u2026<br \/> La marque Pimp Up<span style=\"font-weight: 400;\">\u2122\u00a0<\/span>ne suit pas les tendances ; elle les cr\u00e9e.<br \/> Pimp Up<span style=\"font-weight: 400;\">\u2122<\/span> est un nouvel accessoire finement con\u00e7u qui transforme n\u2019importe quelle paire de chaussures en cuissardes.<\/p>\n<p>Chaque forme pens\u00e9e, chaque tissu choisi, chaque d\u00e9tail cousu, chaque finition\u2026 tout est confectionn\u00e9 dans une attention particuli\u00e8re, celle de permettre \u00e0 chaque femme de r\u00e9v\u00e9ler sa singularit\u00e9.<\/p>\n<p><span style=\"font-size: 18px;\">Pimp Up\u2122 aime les femmes qui marchent d\u2019un pas affirm\u00e9 et qui ont\u00a0<\/span><span>toujours un temps d\u2019avance. Plus qu\u2019un accessoire de mode,\u00a0<\/span><span>Pimp Up\u2122 est une d\u00e9claration, un symbole de la femme \u00e9panouie et fi\u00e8re de sa f\u00e9minit\u00e9 et de son individualit\u00e9 ! Pimp&rsquo; Up\u2122 aide chaque femme \u00e0 se sentir libre d&rsquo;\u00eatre unique et plurielle: f\u00e9minine mais courageuse, \u00e9l\u00e9gante mais \u00e9thique\u00a0et sans craintes de se <\/span><span>d\u00e9marquer par son style et sa personnalit\u00e9.<\/span><\/p>\n<p>Nous mettons \u00e9galement tout en \u0153uvre pour vous offrir une mode int\u00e8gre et transparente, qui met en avant les circuits courts, la fabrication artisanale dans des usines europ\u00e9ennes et la haute qualit\u00e9 des tissus con\u00e7us pour durer&#8230;<\/p>\n<p><strong>Ainsi, les Pimp Up\u2122 participent activement \u00e0 la fashion r\u00e9volution et sont, depuis 2019, des cr\u00e9ations \u00e9coresponsables.<\/strong><\/p>\n<p>[\/et_pb_cta][et_pb_image src=\u00a0\u00bbhttps:\/\/pimpuptm.com\/wp-content\/uploads\/PIMP_UP_NM_C.jpg\u00a0\u00bb title_text=\u00a0\u00bbECO-RESPONSABLE\u00a0\u00bb align=\u00a0\u00bbcenter\u00a0\u00bb _builder_version=\u00a0\u00bb4.7.6&Prime; _module_preset=\u00a0\u00bbdefault\u00a0\u00bb][\/et_pb_image][\/et_pb_column][\/et_pb_row][\/et_pb_section]<\/p>\n","protected":false},"excerpt":{"rendered":"<p>[et_pb_section fb_built=\u00a0\u00bb1&Prime; _builder_version=\u00a0\u00bb4.7.4&Prime; _module_preset=\u00a0\u00bbdefault\u00a0\u00bb background_enable_color=\u00a0\u00bboff\u00a0\u00bb background_enable_image=\u00a0\u00bboff\u00a0\u00bb background_size=\u00a0\u00bbinitial\u00a0\u00bb background_position=\u00a0\u00bbtop_center\u00a0\u00bb background_repeat=\u00a0\u00bbrepeat\u00a0\u00bb custom_padding=\u00a0\u00bb0px||92px||false|false\u00a0\u00bb saved_tabs=\u00a0\u00bball\u00a0\u00bb][et_pb_row module_class=\u00a0\u00bbnocolumns\u00a0\u00bb _builder_version=\u00a0\u00bb4.7.4&Prime; _module_preset=\u00a0\u00bbdefault\u00a0\u00bb][et_pb_column type=\u00a0\u00bb4_4&Prime; _builder_version=\u00a0\u00bb4.7.0&Prime; _module_preset=\u00a0\u00bbdefault\u00a0\u00bb][et_pb_text _builder_version=\u00a0\u00bb4.7.6&Prime; _module_preset=\u00a0\u00bbdefault\u00a0\u00bb text_font=\u00a0\u00bb|||on|||||\u00a0\u00bb header_text_align=\u00a0\u00bbcenter\u00a0\u00bb header_2_text_align=\u00a0\u00bbcenter\u00a0\u00bb header_3_text_align=\u00a0\u00bbcenter\u00a0\u00bb header_4_text_align=\u00a0\u00bbcenter\u00a0\u00bb text_orientation=\u00a0\u00bbcenter\u00a0\u00bb custom_padding=\u00a0\u00bb46px|||||\u00a0\u00bb] CANDICE MAURY Cr\u00e9atrice de mode[\/et_pb_text][\/et_pb_column][\/et_pb_row][et_pb_row _builder_version=\u00a0\u00bb4.7.6&Prime; _module_preset=\u00a0\u00bbdefault\u00a0\u00bb][et_pb_column type=\u00a0\u00bb4_4&Prime; _builder_version=\u00a0\u00bb4.7.6&Prime; _module_preset=\u00a0\u00bbdefault\u00a0\u00bb][et_pb_image src=\u00a0\u00bbhttps:\/\/pimpuptm.com\/wp-content\/uploads\/candy-maury.jpg\u00a0\u00bb title_text=\u00a0\u00bbCandy Maury Designer\u00a0\u00bb align=\u00a0\u00bbcenter\u00a0\u00bb _builder_version=\u00a0\u00bb4.7.6&Prime; _module_preset=\u00a0\u00bbdefault\u00a0\u00bb max_width=\u00a0\u00bb700px\u00a0\u00bb][\/et_pb_image][\/et_pb_column][\/et_pb_row][et_pb_row _builder_version=\u00a0\u00bb4.7.6&Prime; _module_preset=\u00a0\u00bbdefault\u00a0\u00bb][et_pb_column type=\u00a0\u00bb4_4&Prime; _builder_version=\u00a0\u00bb4.7.6&Prime; _module_preset=\u00a0\u00bbdefault\u00a0\u00bb][et_pb_cta button_url=\u00a0\u00bb@ET-DC@eyJkeW5hbWljIjp0cnVlLCJjb250ZW50IjoicG9zdF9saW5rX3VybF9wYWdlIiwic2V0dGluZ3MiOnsicG9zdF9pZCI6IjM3NSJ9fQ==@\u00a0\u00bb _builder_version=\u00a0\u00bb4.7.6&Prime; _dynamic_attributes=\u00a0\u00bblink_option_url,button_url\u00a0\u00bb _module_preset=\u00a0\u00bbdefault\u00a0\u00bb header_text_color=\u00a0\u00bb#000000&Prime; body_text_color=\u00a0\u00bb#000000&Prime; [&hellip;]<\/p>\n","protected":false},"author":2,"featured_media":895,"parent":0,"menu_order":0,"comment_status":"closed","ping_status":"closed","template":"","meta":{"_et_pb_use_builder":"on","_et_pb_old_content":"","_et_gb_content_width":"","inline_featured_image":false},"yoast_head":"<!-- This site is optimized with the Yoast SEO plugin v18.4.1 - https:\/\/yoast.com\/wordpress\/plugins\/seo\/ -->\n<title>Designer - PIMP UP\u2122<\/title>\n<meta name=\"robots\" content=\"index, follow, max-snippet:-1, max-image-preview:large, max-video-preview:-1\" \/>\n<link rel=\"canonical\" href=\"https:\/\/pimpuptm.com\/en\/designer\/\" \/>\n<meta property=\"og:locale\" content=\"en_US\" \/>\n<meta property=\"og:type\" content=\"article\" \/>\n<meta property=\"og:title\" content=\"Designer - PIMP UP\u2122\" \/>\n<meta property=\"og:description\" content=\"[et_pb_section fb_built=\u00a0\u00bb1&Prime; _builder_version=\u00a0\u00bb4.7.4&Prime; _module_preset=\u00a0\u00bbdefault\u00a0\u00bb background_enable_color=\u00a0\u00bboff\u00a0\u00bb background_enable_image=\u00a0\u00bboff\u00a0\u00bb background_size=\u00a0\u00bbinitial\u00a0\u00bb background_position=\u00a0\u00bbtop_center\u00a0\u00bb background_repeat=\u00a0\u00bbrepeat\u00a0\u00bb custom_padding=\u00a0\u00bb0px||92px||false|false\u00a0\u00bb saved_tabs=\u00a0\u00bball\u00a0\u00bb][et_pb_row module_class=\u00a0\u00bbnocolumns\u00a0\u00bb _builder_version=\u00a0\u00bb4.7.4&Prime; _module_preset=\u00a0\u00bbdefault\u00a0\u00bb][et_pb_column type=\u00a0\u00bb4_4&Prime; _builder_version=\u00a0\u00bb4.7.0&Prime; _module_preset=\u00a0\u00bbdefault\u00a0\u00bb][et_pb_text _builder_version=\u00a0\u00bb4.7.6&Prime; _module_preset=\u00a0\u00bbdefault\u00a0\u00bb text_font=\u00a0\u00bb|||on|||||\u00a0\u00bb header_text_align=\u00a0\u00bbcenter\u00a0\u00bb header_2_text_align=\u00a0\u00bbcenter\u00a0\u00bb header_3_text_align=\u00a0\u00bbcenter\u00a0\u00bb header_4_text_align=\u00a0\u00bbcenter\u00a0\u00bb text_orientation=\u00a0\u00bbcenter\u00a0\u00bb custom_padding=\u00a0\u00bb46px|||||\u00a0\u00bb] CANDICE MAURY Cr\u00e9atrice de mode[\/et_pb_text][\/et_pb_column][\/et_pb_row][et_pb_row _builder_version=\u00a0\u00bb4.7.6&Prime; _module_preset=\u00a0\u00bbdefault\u00a0\u00bb][et_pb_column type=\u00a0\u00bb4_4&Prime; _builder_version=\u00a0\u00bb4.7.6&Prime; _module_preset=\u00a0\u00bbdefault\u00a0\u00bb][et_pb_image src=\u00a0\u00bbhttps:\/\/pimpuptm.com\/wp-content\/uploads\/candy-maury.jpg\u00a0\u00bb title_text=\u00a0\u00bbCandy Maury Designer\u00a0\u00bb align=\u00a0\u00bbcenter\u00a0\u00bb _builder_version=\u00a0\u00bb4.7.6&Prime; _module_preset=\u00a0\u00bbdefault\u00a0\u00bb max_width=\u00a0\u00bb700px\u00a0\u00bb][\/et_pb_image][\/et_pb_column][\/et_pb_row][et_pb_row _builder_version=\u00a0\u00bb4.7.6&Prime; _module_preset=\u00a0\u00bbdefault\u00a0\u00bb][et_pb_column type=\u00a0\u00bb4_4&Prime; _builder_version=\u00a0\u00bb4.7.6&Prime; _module_preset=\u00a0\u00bbdefault\u00a0\u00bb][et_pb_cta button_url=\u00a0\u00bb@ET-DC@eyJkeW5hbWljIjp0cnVlLCJjb250ZW50IjoicG9zdF9saW5rX3VybF9wYWdlIiwic2V0dGluZ3MiOnsicG9zdF9pZCI6IjM3NSJ9fQ==@\u00a0\u00bb _builder_version=\u00a0\u00bb4.7.6&Prime; _dynamic_attributes=\u00a0\u00bblink_option_url,button_url\u00a0\u00bb _module_preset=\u00a0\u00bbdefault\u00a0\u00bb header_text_color=\u00a0\u00bb#000000&Prime; body_text_color=\u00a0\u00bb#000000&Prime; [&hellip;]\" \/>\n<meta property=\"og:url\" content=\"https:\/\/pimpuptm.com\/en\/designer\/\" \/>\n<meta property=\"og:site_name\" content=\"PIMP UP\u2122\" \/>\n<meta property=\"article:modified_time\" content=\"2021-02-12T11:00:56+00:00\" \/>\n<meta property=\"og:image\" content=\"https:\/\/pimpuptm.com\/wp-content\/uploads\/candy-maury.jpg\" \/>\n\t<meta property=\"og:image:width\" content=\"1400\" \/>\n\t<meta property=\"og:image:height\" content=\"1886\" \/>\n\t<meta property=\"og:image:type\" content=\"image\/jpeg\" \/>\n<meta name=\"twitter:card\" content=\"summary_large_image\" \/>\n<meta name=\"twitter:label1\" content=\"Est. reading time\" \/>\n\t<meta name=\"twitter:data1\" content=\"3 minutes\" \/>\n<script type=\"application\/ld+json\" class=\"yoast-schema-graph\">{\"@context\":\"https:\/\/schema.org\",\"@graph\":[{\"@type\":\"Organization\",\"@id\":\"https:\/\/pimpuptm.com\/fr\/#organization\",\"name\":\"PIMP UP team\",\"url\":\"https:\/\/pimpuptm.com\/fr\/\",\"sameAs\":[],\"logo\":{\"@type\":\"ImageObject\",\"@id\":\"https:\/\/pimpuptm.com\/fr\/#logo\",\"inLanguage\":\"en-US\",\"url\":\"https:\/\/pimpuptm.com\/wp-content\/uploads\/logo-pimp-up-team.svg\",\"contentUrl\":\"https:\/\/pimpuptm.com\/wp-content\/uploads\/logo-pimp-up-team.svg\",\"caption\":\"PIMP UP team\"},\"image\":{\"@id\":\"https:\/\/pimpuptm.com\/fr\/#logo\"}},{\"@type\":\"WebSite\",\"@id\":\"https:\/\/pimpuptm.com\/fr\/#website\",\"url\":\"https:\/\/pimpuptm.com\/fr\/\",\"name\":\"PIMP UP\u2122\",\"description\":\"\",\"publisher\":{\"@id\":\"https:\/\/pimpuptm.com\/fr\/#organization\"},\"potentialAction\":[{\"@type\":\"SearchAction\",\"target\":{\"@type\":\"EntryPoint\",\"urlTemplate\":\"https:\/\/pimpuptm.com\/fr\/?s={search_term_string}\"},\"query-input\":\"required name=search_term_string\"}],\"inLanguage\":\"en-US\"},{\"@type\":\"ImageObject\",\"@id\":\"https:\/\/pimpuptm.com\/fr\/designer\/#primaryimage\",\"inLanguage\":\"en-US\",\"url\":\"https:\/\/pimpuptm.com\/wp-content\/uploads\/candy-maury.jpg\",\"contentUrl\":\"https:\/\/pimpuptm.com\/wp-content\/uploads\/candy-maury.jpg\",\"width\":1400,\"height\":1886},{\"@type\":\"WebPage\",\"@id\":\"https:\/\/pimpuptm.com\/fr\/designer\/#webpage\",\"url\":\"https:\/\/pimpuptm.com\/fr\/designer\/\",\"name\":\"Designer - PIMP UP\u2122\",\"isPartOf\":{\"@id\":\"https:\/\/pimpuptm.com\/fr\/#website\"},\"primaryImageOfPage\":{\"@id\":\"https:\/\/pimpuptm.com\/fr\/designer\/#primaryimage\"},\"datePublished\":\"2020-12-16T05:03:24+00:00\",\"dateModified\":\"2021-02-12T11:00:56+00:00\",\"breadcrumb\":{\"@id\":\"https:\/\/pimpuptm.com\/fr\/designer\/#breadcrumb\"},\"inLanguage\":\"en-US\",\"potentialAction\":[{\"@type\":\"ReadAction\",\"target\":[\"https:\/\/pimpuptm.com\/fr\/designer\/\"]}]},{\"@type\":\"BreadcrumbList\",\"@id\":\"https:\/\/pimpuptm.com\/fr\/designer\/#breadcrumb\",\"itemListElement\":[{\"@type\":\"ListItem\",\"position\":1,\"name\":\"Home\",\"item\":\"https:\/\/pimpuptm.com\/fr\/\"},{\"@type\":\"ListItem\",\"position\":2,\"name\":\"Designer\"}]}]}<\/script>\n<!-- \/ Yoast SEO plugin. -->","yoast_head_json":{"title":"Designer - PIMP UP\u2122","robots":{"index":"index","follow":"follow","max-snippet":"max-snippet:-1","max-image-preview":"max-image-preview:large","max-video-preview":"max-video-preview:-1"},"canonical":"https:\/\/pimpuptm.com\/en\/designer\/","og_locale":"en_US","og_type":"article","og_title":"Designer - PIMP UP\u2122","og_description":"[et_pb_section fb_built=\u00a0\u00bb1&Prime; _builder_version=\u00a0\u00bb4.7.4&Prime; _module_preset=\u00a0\u00bbdefault\u00a0\u00bb background_enable_color=\u00a0\u00bboff\u00a0\u00bb background_enable_image=\u00a0\u00bboff\u00a0\u00bb background_size=\u00a0\u00bbinitial\u00a0\u00bb background_position=\u00a0\u00bbtop_center\u00a0\u00bb background_repeat=\u00a0\u00bbrepeat\u00a0\u00bb custom_padding=\u00a0\u00bb0px||92px||false|false\u00a0\u00bb saved_tabs=\u00a0\u00bball\u00a0\u00bb][et_pb_row module_class=\u00a0\u00bbnocolumns\u00a0\u00bb _builder_version=\u00a0\u00bb4.7.4&Prime; _module_preset=\u00a0\u00bbdefault\u00a0\u00bb][et_pb_column type=\u00a0\u00bb4_4&Prime; _builder_version=\u00a0\u00bb4.7.0&Prime; _module_preset=\u00a0\u00bbdefault\u00a0\u00bb][et_pb_text _builder_version=\u00a0\u00bb4.7.6&Prime; _module_preset=\u00a0\u00bbdefault\u00a0\u00bb text_font=\u00a0\u00bb|||on|||||\u00a0\u00bb header_text_align=\u00a0\u00bbcenter\u00a0\u00bb header_2_text_align=\u00a0\u00bbcenter\u00a0\u00bb header_3_text_align=\u00a0\u00bbcenter\u00a0\u00bb header_4_text_align=\u00a0\u00bbcenter\u00a0\u00bb text_orientation=\u00a0\u00bbcenter\u00a0\u00bb custom_padding=\u00a0\u00bb46px|||||\u00a0\u00bb] CANDICE MAURY Cr\u00e9atrice de mode[\/et_pb_text][\/et_pb_column][\/et_pb_row][et_pb_row _builder_version=\u00a0\u00bb4.7.6&Prime; _module_preset=\u00a0\u00bbdefault\u00a0\u00bb][et_pb_column type=\u00a0\u00bb4_4&Prime; _builder_version=\u00a0\u00bb4.7.6&Prime; _module_preset=\u00a0\u00bbdefault\u00a0\u00bb][et_pb_image src=\u00a0\u00bbhttps:\/\/pimpuptm.com\/wp-content\/uploads\/candy-maury.jpg\u00a0\u00bb title_text=\u00a0\u00bbCandy Maury Designer\u00a0\u00bb align=\u00a0\u00bbcenter\u00a0\u00bb _builder_version=\u00a0\u00bb4.7.6&Prime; _module_preset=\u00a0\u00bbdefault\u00a0\u00bb max_width=\u00a0\u00bb700px\u00a0\u00bb][\/et_pb_image][\/et_pb_column][\/et_pb_row][et_pb_row _builder_version=\u00a0\u00bb4.7.6&Prime; _module_preset=\u00a0\u00bbdefault\u00a0\u00bb][et_pb_column type=\u00a0\u00bb4_4&Prime; _builder_version=\u00a0\u00bb4.7.6&Prime; _module_preset=\u00a0\u00bbdefault\u00a0\u00bb][et_pb_cta button_url=\u00a0\u00bb@ET-DC@eyJkeW5hbWljIjp0cnVlLCJjb250ZW50IjoicG9zdF9saW5rX3VybF9wYWdlIiwic2V0dGluZ3MiOnsicG9zdF9pZCI6IjM3NSJ9fQ==@\u00a0\u00bb _builder_version=\u00a0\u00bb4.7.6&Prime; _dynamic_attributes=\u00a0\u00bblink_option_url,button_url\u00a0\u00bb _module_preset=\u00a0\u00bbdefault\u00a0\u00bb header_text_color=\u00a0\u00bb#000000&Prime; body_text_color=\u00a0\u00bb#000000&Prime; [&hellip;]","og_url":"https:\/\/pimpuptm.com\/en\/designer\/","og_site_name":"PIMP UP\u2122","article_modified_time":"2021-02-12T11:00:56+00:00","og_image":[{"width":1400,"height":1886,"url":"https:\/\/pimpuptm.com\/wp-content\/uploads\/candy-maury.jpg","type":"image\/jpeg"}],"twitter_card":"summary_large_image","twitter_misc":{"Est. reading time":"3 minutes"},"schema":{"@context":"https:\/\/schema.org","@graph":[{"@type":"Organization","@id":"https:\/\/pimpuptm.com\/fr\/#organization","name":"PIMP UP team","url":"https:\/\/pimpuptm.com\/fr\/","sameAs":[],"logo":{"@type":"ImageObject","@id":"https:\/\/pimpuptm.com\/fr\/#logo","inLanguage":"en-US","url":"https:\/\/pimpuptm.com\/wp-content\/uploads\/logo-pimp-up-team.svg","contentUrl":"https:\/\/pimpuptm.com\/wp-content\/uploads\/logo-pimp-up-team.svg","caption":"PIMP UP team"},"image":{"@id":"https:\/\/pimpuptm.com\/fr\/#logo"}},{"@type":"WebSite","@id":"https:\/\/pimpuptm.com\/fr\/#website","url":"https:\/\/pimpuptm.com\/fr\/","name":"PIMP UP\u2122","description":"","publisher":{"@id":"https:\/\/pimpuptm.com\/fr\/#organization"},"potentialAction":[{"@type":"SearchAction","target":{"@type":"EntryPoint","urlTemplate":"https:\/\/pimpuptm.com\/fr\/?s={search_term_string}"},"query-input":"required name=search_term_string"}],"inLanguage":"en-US"},{"@type":"ImageObject","@id":"https:\/\/pimpuptm.com\/fr\/designer\/#primaryimage","inLanguage":"en-US","url":"https:\/\/pimpuptm.com\/wp-content\/uploads\/candy-maury.jpg","contentUrl":"https:\/\/pimpuptm.com\/wp-content\/uploads\/candy-maury.jpg","width":1400,"height":1886},{"@type":"WebPage","@id":"https:\/\/pimpuptm.com\/fr\/designer\/#webpage","url":"https:\/\/pimpuptm.com\/fr\/designer\/","name":"Designer - PIMP UP\u2122","isPartOf":{"@id":"https:\/\/pimpuptm.com\/fr\/#website"},"primaryImageOfPage":{"@id":"https:\/\/pimpuptm.com\/fr\/designer\/#primaryimage"},"datePublished":"2020-12-16T05:03:24+00:00","dateModified":"2021-02-12T11:00:56+00:00","breadcrumb":{"@id":"https:\/\/pimpuptm.com\/fr\/designer\/#breadcrumb"},"inLanguage":"en-US","potentialAction":[{"@type":"ReadAction","target":["https:\/\/pimpuptm.com\/fr\/designer\/"]}]},{"@type":"BreadcrumbList","@id":"https:\/\/pimpuptm.com\/fr\/designer\/#breadcrumb","itemListElement":[{"@type":"ListItem","position":1,"name":"Home","item":"https:\/\/pimpuptm.com\/fr\/"},{"@type":"ListItem","position":2,"name":"Designer"}]}]}},"_links":{"self":[{"href":"https:\/\/pimpuptm.com\/en\/wp-json\/wp\/v2\/pages\/799"}],"collection":[{"href":"https:\/\/pimpuptm.com\/en\/wp-json\/wp\/v2\/pages"}],"about":[{"href":"https:\/\/pimpuptm.com\/en\/wp-json\/wp\/v2\/types\/page"}],"author":[{"embeddable":true,"href":"https:\/\/pimpuptm.com\/en\/wp-json\/wp\/v2\/users\/2"}],"replies":[{"embeddable":true,"href":"https:\/\/pimpuptm.com\/en\/wp-json\/wp\/v2\/comments?post=799"}],"version-history":[{"count":76,"href":"https:\/\/pimpuptm.com\/en\/wp-json\/wp\/v2\/pages\/799\/revisions"}],"predecessor-version":[{"id":1960,"href":"https:\/\/pimpuptm.com\/en\/wp-json\/wp\/v2\/pages\/799\/revisions\/1960"}],"wp:featuredmedia":[{"embeddable":true,"href":"https:\/\/pimpuptm.com\/en\/wp-json\/wp\/v2\/media\/895"}],"wp:attachment":[{"href":"https:\/\/pimpuptm.com\/en\/wp-json\/wp\/v2\/media?parent=799"}],"curies":[{"name":"wp","href":"https:\/\/api.w.org\/{rel}","templated":true}]}}